{"id":4566,"date":"2019-06-12T18:25:46","date_gmt":"2019-06-12T15:25:46","guid":{"rendered":"https:\/\/www.ankarametal.com.tr\/?page_id=4566"},"modified":"2019-06-12T18:25:48","modified_gmt":"2019-06-12T15:25:48","slug":"brass","status":"publish","type":"page","link":"https:\/\/www.ankarametal.com.tr\/en\/products\/brass\/","title":{"rendered":"Brass"},"content":{"rendered":"","protected":false},"excerpt":{"rendered":"","protected":false},"author":1,"featured_media":0,"parent":3064,"menu_order":0,"comment_status":"closed","ping_status":"closed","template":"","meta":{"footnotes":""},"class_list":["post-4566","page","type-page","status-publish","hentry"],"yoast_head":"<!-- This site is optimized with the Yoast SEO plugin v21.5 - https:\/\/yoast.com\/wordpress\/plugins\/seo\/ -->\n<title>Brass - Ankara Al\u00fcminyum ve Metal San. Tic. Ltd. \u015eti.<\/title>\n<meta name=\"robots\" content=\"index, follow, max-snippet:-1, max-image-preview:large, max-video-preview:-1\" \/>\n<link rel=\"canonical\" href=\"https:\/\/www.ankarametal.com.tr\/en\/products\/brass\/\" \/>\n<meta property=\"og:locale\" content=\"en_US\" \/>\n<meta property=\"og:type\" content=\"article\" \/>\n<meta property=\"og:title\" content=\"Brass - Ankara Al\u00fcminyum ve Metal San. Tic. Ltd. \u015eti.\" \/>\n<meta property=\"og:url\" content=\"https:\/\/www.ankarametal.com.tr\/en\/products\/brass\/\" \/>\n<meta property=\"og:site_name\" content=\"Ankara Al\u00fcminyum ve Metal San. Tic. Ltd. \u015eti.\" \/>\n<meta property=\"article:publisher\" content=\"https:\/\/www.facebook.com\/AnkaraAluminyumMetal\" \/>\n<meta property=\"article:modified_time\" content=\"2019-06-12T15:25:48+00:00\" \/>\n<meta property=\"og:image\" content=\"https:\/\/www.ankarametal.com.tr\/wp-content\/uploads\/2014\/02\/ankaraaluminyummetal_merkez.jpg\" \/>\n\t<meta property=\"og:image:width\" content=\"1280\" \/>\n\t<meta property=\"og:image:height\" content=\"853\" \/>\n\t<meta property=\"og:image:type\" content=\"image\/jpeg\" \/>\n<script type=\"application\/ld+json\" class=\"yoast-schema-graph\">{\"@context\":\"https:\/\/schema.org\",\"@graph\":[{\"@type\":\"WebPage\",\"@id\":\"https:\/\/www.ankarametal.com.tr\/en\/products\/brass\/\",\"url\":\"https:\/\/www.ankarametal.com.tr\/en\/products\/brass\/\",\"name\":\"Brass - Ankara Al\u00fcminyum ve Metal San. Tic. Ltd. \u015eti.\",\"isPartOf\":{\"@id\":\"https:\/\/www.ankarametal.com.tr\/#website\"},\"datePublished\":\"2019-06-12T15:25:46+00:00\",\"dateModified\":\"2019-06-12T15:25:48+00:00\",\"breadcrumb\":{\"@id\":\"https:\/\/www.ankarametal.com.tr\/en\/products\/brass\/#breadcrumb\"},\"inLanguage\":\"en-US\",\"potentialAction\":[{\"@type\":\"ReadAction\",\"target\":[\"https:\/\/www.ankarametal.com.tr\/en\/products\/brass\/\"]}]},{\"@type\":\"BreadcrumbList\",\"@id\":\"https:\/\/www.ankarametal.com.tr\/en\/products\/brass\/#breadcrumb\",\"itemListElement\":[{\"@type\":\"ListItem\",\"position\":1,\"name\":\"Ana Sayfa\",\"item\":\"https:\/\/www.ankarametal.com.tr\/en\/\"},{\"@type\":\"ListItem\",\"position\":2,\"name\":\"Products\",\"item\":\"https:\/\/www.ankarametal.com.tr\/en\/products\/\"},{\"@type\":\"ListItem\",\"position\":3,\"name\":\"Brass\"}]},{\"@type\":\"WebSite\",\"@id\":\"https:\/\/www.ankarametal.com.tr\/#website\",\"url\":\"https:\/\/www.ankarametal.com.tr\/\",\"name\":\"Ankara Al\u00fcminyum ve Metal San. Tic. Ltd. \u015eti.\",\"description\":\"1988&#039;den bug\u00fcne metal sekt\u00f6r\u00fcnde faaliyet g\u00f6steren Ankara Al\u00fcminyum ve Metal San. Tic. Ltd. \u015eti. son y\u0131llarda geni\u015f \u00fcr\u00fcn yelpazesi, uygun fiyat, teknik bilgi deste\u011fi ve h\u0131zl\u0131 da\u011f\u0131t\u0131m servisi ile sekt\u00f6r\u00fcn lider kurulu\u015fu haline gelmi\u015ftir.\",\"potentialAction\":[{\"@type\":\"SearchAction\",\"target\":{\"@type\":\"EntryPoint\",\"urlTemplate\":\"https:\/\/www.ankarametal.com.tr\/?s={search_term_string}\"},\"query-input\":\"required name=search_term_string\"}],\"inLanguage\":\"en-US\"}]}<\/script>\n<!-- \/ Yoast SEO plugin. -->","yoast_head_json":{"title":"Brass - Ankara Al\u00fcminyum ve Metal San. Tic. Ltd. \u015eti.","robots":{"index":"index","follow":"follow","max-snippet":"max-snippet:-1","max-image-preview":"max-image-preview:large","max-video-preview":"max-video-preview:-1"},"canonical":"https:\/\/www.ankarametal.com.tr\/en\/products\/brass\/","og_locale":"en_US","og_type":"article","og_title":"Brass - Ankara Al\u00fcminyum ve Metal San. Tic. Ltd. \u015eti.","og_url":"https:\/\/www.ankarametal.com.tr\/en\/products\/brass\/","og_site_name":"Ankara Al\u00fcminyum ve Metal San. Tic. Ltd. \u015eti.","article_publisher":"https:\/\/www.facebook.com\/AnkaraAluminyumMetal","article_modified_time":"2019-06-12T15:25:48+00:00","og_image":[{"width":1280,"height":853,"url":"https:\/\/www.ankarametal.com.tr\/wp-content\/uploads\/2014\/02\/ankaraaluminyummetal_merkez.jpg","type":"image\/jpeg"}],"schema":{"@context":"https:\/\/schema.org","@graph":[{"@type":"WebPage","@id":"https:\/\/www.ankarametal.com.tr\/en\/products\/brass\/","url":"https:\/\/www.ankarametal.com.tr\/en\/products\/brass\/","name":"Brass - Ankara Al\u00fcminyum ve Metal San. Tic. Ltd. \u015eti.","isPartOf":{"@id":"https:\/\/www.ankarametal.com.tr\/#website"},"datePublished":"2019-06-12T15:25:46+00:00","dateModified":"2019-06-12T15:25:48+00:00","breadcrumb":{"@id":"https:\/\/www.ankarametal.com.tr\/en\/products\/brass\/#breadcrumb"},"inLanguage":"en-US","potentialAction":[{"@type":"ReadAction","target":["https:\/\/www.ankarametal.com.tr\/en\/products\/brass\/"]}]},{"@type":"BreadcrumbList","@id":"https:\/\/www.ankarametal.com.tr\/en\/products\/brass\/#breadcrumb","itemListElement":[{"@type":"ListItem","position":1,"name":"Ana Sayfa","item":"https:\/\/www.ankarametal.com.tr\/en\/"},{"@type":"ListItem","position":2,"name":"Products","item":"https:\/\/www.ankarametal.com.tr\/en\/products\/"},{"@type":"ListItem","position":3,"name":"Brass"}]},{"@type":"WebSite","@id":"https:\/\/www.ankarametal.com.tr\/#website","url":"https:\/\/www.ankarametal.com.tr\/","name":"Ankara Al\u00fcminyum ve Metal San. Tic. Ltd. \u015eti.","description":"1988&#039;den bug\u00fcne metal sekt\u00f6r\u00fcnde faaliyet g\u00f6steren Ankara Al\u00fcminyum ve Metal San. Tic. Ltd. \u015eti. son y\u0131llarda geni\u015f \u00fcr\u00fcn yelpazesi, uygun fiyat, teknik bilgi deste\u011fi ve h\u0131zl\u0131 da\u011f\u0131t\u0131m servisi ile sekt\u00f6r\u00fcn lider kurulu\u015fu haline gelmi\u015ftir.","potentialAction":[{"@type":"SearchAction","target":{"@type":"EntryPoint","urlTemplate":"https:\/\/www.ankarametal.com.tr\/?s={search_term_string}"},"query-input":"required name=search_term_string"}],"inLanguage":"en-US"}]}},"_links":{"self":[{"href":"https:\/\/www.ankarametal.com.tr\/en\/wp-json\/wp\/v2\/pages\/4566","targetHints":{"allow":["GET"]}}],"collection":[{"href":"https:\/\/www.ankarametal.com.tr\/en\/wp-json\/wp\/v2\/pages"}],"about":[{"href":"https:\/\/www.ankarametal.com.tr\/en\/wp-json\/wp\/v2\/types\/page"}],"author":[{"embeddable":true,"href":"https:\/\/www.ankarametal.com.tr\/en\/wp-json\/wp\/v2\/users\/1"}],"replies":[{"embeddable":true,"href":"https:\/\/www.ankarametal.com.tr\/en\/wp-json\/wp\/v2\/comments?post=4566"}],"version-history":[{"count":1,"href":"https:\/\/www.ankarametal.com.tr\/en\/wp-json\/wp\/v2\/pages\/4566\/revisions"}],"predecessor-version":[{"id":4569,"href":"https:\/\/www.ankarametal.com.tr\/en\/wp-json\/wp\/v2\/pages\/4566\/revisions\/4569"}],"up":[{"embeddable":true,"href":"https:\/\/www.ankarametal.com.tr\/en\/wp-json\/wp\/v2\/pages\/3064"}],"wp:attachment":[{"href":"https:\/\/www.ankarametal.com.tr\/en\/wp-json\/wp\/v2\/media?parent=4566"}],"curies":[{"name":"wp","href":"https:\/\/api.w.org\/{rel}","templated":true}]}}