{"id":3268,"date":"2015-07-01T17:21:51","date_gmt":"2015-07-01T14:21:51","guid":{"rendered":"http:\/\/ankarametal.com.tr\/tr\/?page_id=3268"},"modified":"2020-11-02T16:35:32","modified_gmt":"2020-11-02T13:35:32","slug":"aluminium-trapeze-load-capacity","status":"publish","type":"page","link":"https:\/\/www.ankarametal.com.tr\/en\/technical-catalog\/aluminium\/aluminium-trapeze-load-capacity\/","title":{"rendered":"Aluminium Trapeze Load Capacity"},"content":{"rendered":"<p><img loading=\"lazy\" decoding=\"async\" class=\"alignright size-full wp-image-3114\" src=\"http:\/\/ankarametal.com.tr\/tr\/wp-content\/uploads\/2015\/06\/aluminyum-trapez-levha-yuk-kapasitesi.jpg\" alt=\"aluminyum-trapez-levha-yuk-kapasitesi\" width=\"1648\" height=\"2318\" srcset=\"https:\/\/www.ankarametal.com.tr\/wp-content\/uploads\/2015\/06\/aluminyum-trapez-levha-yuk-kapasitesi.jpg 1648w, https:\/\/www.ankarametal.com.tr\/wp-content\/uploads\/2015\/06\/aluminyum-trapez-levha-yuk-kapasitesi-213x300.jpg 213w, https:\/\/www.ankarametal.com.tr\/wp-content\/uploads\/2015\/06\/aluminyum-trapez-levha-yuk-kapasitesi-728x1024.jpg 728w\" sizes=\"auto, (max-width: 1648px) 100vw, 1648px\" \/><\/p>\n","protected":false},"excerpt":{"rendered":"","protected":false},"author":1,"featured_media":0,"parent":4602,"menu_order":0,"comment_status":"closed","ping_status":"closed","template":"template-100width.php","meta":{"footnotes":""},"class_list":["post-3268","page","type-page","status-publish","hentry"],"yoast_head":"<!-- This site is optimized with the Yoast SEO plugin v21.5 - https:\/\/yoast.com\/wordpress\/plugins\/seo\/ -->\n<title>Aluminium Trapeze Load Capacity - Ankara Al\u00fcminyum ve Metal San. Tic. Ltd. \u015eti.<\/title>\n<meta name=\"robots\" content=\"index, follow, max-snippet:-1, max-image-preview:large, max-video-preview:-1\" \/>\n<link rel=\"canonical\" href=\"https:\/\/www.ankarametal.com.tr\/en\/technical-catalog\/aluminium\/aluminium-trapeze-load-capacity\/\" \/>\n<meta property=\"og:locale\" content=\"en_US\" \/>\n<meta property=\"og:type\" content=\"article\" \/>\n<meta property=\"og:title\" content=\"Aluminium Trapeze Load Capacity - Ankara Al\u00fcminyum ve Metal San. Tic. Ltd. \u015eti.\" \/>\n<meta property=\"og:url\" content=\"https:\/\/www.ankarametal.com.tr\/en\/technical-catalog\/aluminium\/aluminium-trapeze-load-capacity\/\" \/>\n<meta property=\"og:site_name\" content=\"Ankara Al\u00fcminyum ve Metal San. Tic. Ltd. \u015eti.\" \/>\n<meta property=\"article:publisher\" content=\"https:\/\/www.facebook.com\/AnkaraAluminyumMetal\" \/>\n<meta property=\"article:modified_time\" content=\"2020-11-02T13:35:32+00:00\" \/>\n<meta property=\"og:image\" content=\"http:\/\/ankarametal.com.tr\/tr\/wp-content\/uploads\/2015\/06\/aluminyum-trapez-levha-yuk-kapasitesi.jpg\" \/>\n<script type=\"application\/ld+json\" class=\"yoast-schema-graph\">{\"@context\":\"https:\/\/schema.org\",\"@graph\":[{\"@type\":\"WebPage\",\"@id\":\"https:\/\/www.ankarametal.com.tr\/en\/technical-catalog\/aluminium\/aluminium-trapeze-load-capacity\/\",\"url\":\"https:\/\/www.ankarametal.com.tr\/en\/technical-catalog\/aluminium\/aluminium-trapeze-load-capacity\/\",\"name\":\"Aluminium Trapeze Load Capacity - Ankara Al\u00fcminyum ve Metal San. Tic. Ltd. \u015eti.\",\"isPartOf\":{\"@id\":\"https:\/\/www.ankarametal.com.tr\/#website\"},\"datePublished\":\"2015-07-01T14:21:51+00:00\",\"dateModified\":\"2020-11-02T13:35:32+00:00\",\"breadcrumb\":{\"@id\":\"https:\/\/www.ankarametal.com.tr\/en\/technical-catalog\/aluminium\/aluminium-trapeze-load-capacity\/#breadcrumb\"},\"inLanguage\":\"en-US\",\"potentialAction\":[{\"@type\":\"ReadAction\",\"target\":[\"https:\/\/www.ankarametal.com.tr\/en\/technical-catalog\/aluminium\/aluminium-trapeze-load-capacity\/\"]}]},{\"@type\":\"BreadcrumbList\",\"@id\":\"https:\/\/www.ankarametal.com.tr\/en\/technical-catalog\/aluminium\/aluminium-trapeze-load-capacity\/#breadcrumb\",\"itemListElement\":[{\"@type\":\"ListItem\",\"position\":1,\"name\":\"Ana Sayfa\",\"item\":\"https:\/\/www.ankarametal.com.tr\/en\/\"},{\"@type\":\"ListItem\",\"position\":2,\"name\":\"Technical Catalog\",\"item\":\"https:\/\/www.ankarametal.com.tr\/en\/technical-catalog\/\"},{\"@type\":\"ListItem\",\"position\":3,\"name\":\"Aluminium\",\"item\":\"https:\/\/www.ankarametal.com.tr\/en\/technical-catalog\/aluminium\/\"},{\"@type\":\"ListItem\",\"position\":4,\"name\":\"Aluminium Trapeze Load Capacity\"}]},{\"@type\":\"WebSite\",\"@id\":\"https:\/\/www.ankarametal.com.tr\/#website\",\"url\":\"https:\/\/www.ankarametal.com.tr\/\",\"name\":\"Ankara Al\u00fcminyum ve Metal San. Tic. Ltd. \u015eti.\",\"description\":\"1988&#039;den bug\u00fcne metal sekt\u00f6r\u00fcnde faaliyet g\u00f6steren Ankara Al\u00fcminyum ve Metal San. Tic. Ltd. \u015eti. son y\u0131llarda geni\u015f \u00fcr\u00fcn yelpazesi, uygun fiyat, teknik bilgi deste\u011fi ve h\u0131zl\u0131 da\u011f\u0131t\u0131m servisi ile sekt\u00f6r\u00fcn lider kurulu\u015fu haline gelmi\u015ftir.\",\"potentialAction\":[{\"@type\":\"SearchAction\",\"target\":{\"@type\":\"EntryPoint\",\"urlTemplate\":\"https:\/\/www.ankarametal.com.tr\/?s={search_term_string}\"},\"query-input\":\"required name=search_term_string\"}],\"inLanguage\":\"en-US\"}]}<\/script>\n<!-- \/ Yoast SEO plugin. -->","yoast_head_json":{"title":"Aluminium Trapeze Load Capacity - Ankara Al\u00fcminyum ve Metal San. Tic. Ltd. \u015eti.","robots":{"index":"index","follow":"follow","max-snippet":"max-snippet:-1","max-image-preview":"max-image-preview:large","max-video-preview":"max-video-preview:-1"},"canonical":"https:\/\/www.ankarametal.com.tr\/en\/technical-catalog\/aluminium\/aluminium-trapeze-load-capacity\/","og_locale":"en_US","og_type":"article","og_title":"Aluminium Trapeze Load Capacity - Ankara Al\u00fcminyum ve Metal San. Tic. Ltd. \u015eti.","og_url":"https:\/\/www.ankarametal.com.tr\/en\/technical-catalog\/aluminium\/aluminium-trapeze-load-capacity\/","og_site_name":"Ankara Al\u00fcminyum ve Metal San. Tic. Ltd. \u015eti.","article_publisher":"https:\/\/www.facebook.com\/AnkaraAluminyumMetal","article_modified_time":"2020-11-02T13:35:32+00:00","og_image":[{"url":"http:\/\/ankarametal.com.tr\/tr\/wp-content\/uploads\/2015\/06\/aluminyum-trapez-levha-yuk-kapasitesi.jpg"}],"schema":{"@context":"https:\/\/schema.org","@graph":[{"@type":"WebPage","@id":"https:\/\/www.ankarametal.com.tr\/en\/technical-catalog\/aluminium\/aluminium-trapeze-load-capacity\/","url":"https:\/\/www.ankarametal.com.tr\/en\/technical-catalog\/aluminium\/aluminium-trapeze-load-capacity\/","name":"Aluminium Trapeze Load Capacity - Ankara Al\u00fcminyum ve Metal San. Tic. Ltd. \u015eti.","isPartOf":{"@id":"https:\/\/www.ankarametal.com.tr\/#website"},"datePublished":"2015-07-01T14:21:51+00:00","dateModified":"2020-11-02T13:35:32+00:00","breadcrumb":{"@id":"https:\/\/www.ankarametal.com.tr\/en\/technical-catalog\/aluminium\/aluminium-trapeze-load-capacity\/#breadcrumb"},"inLanguage":"en-US","potentialAction":[{"@type":"ReadAction","target":["https:\/\/www.ankarametal.com.tr\/en\/technical-catalog\/aluminium\/aluminium-trapeze-load-capacity\/"]}]},{"@type":"BreadcrumbList","@id":"https:\/\/www.ankarametal.com.tr\/en\/technical-catalog\/aluminium\/aluminium-trapeze-load-capacity\/#breadcrumb","itemListElement":[{"@type":"ListItem","position":1,"name":"Ana Sayfa","item":"https:\/\/www.ankarametal.com.tr\/en\/"},{"@type":"ListItem","position":2,"name":"Technical Catalog","item":"https:\/\/www.ankarametal.com.tr\/en\/technical-catalog\/"},{"@type":"ListItem","position":3,"name":"Aluminium","item":"https:\/\/www.ankarametal.com.tr\/en\/technical-catalog\/aluminium\/"},{"@type":"ListItem","position":4,"name":"Aluminium Trapeze Load Capacity"}]},{"@type":"WebSite","@id":"https:\/\/www.ankarametal.com.tr\/#website","url":"https:\/\/www.ankarametal.com.tr\/","name":"Ankara Al\u00fcminyum ve Metal San. Tic. Ltd. \u015eti.","description":"1988&#039;den bug\u00fcne metal sekt\u00f6r\u00fcnde faaliyet g\u00f6steren Ankara Al\u00fcminyum ve Metal San. Tic. Ltd. \u015eti. son y\u0131llarda geni\u015f \u00fcr\u00fcn yelpazesi, uygun fiyat, teknik bilgi deste\u011fi ve h\u0131zl\u0131 da\u011f\u0131t\u0131m servisi ile sekt\u00f6r\u00fcn lider kurulu\u015fu haline gelmi\u015ftir.","potentialAction":[{"@type":"SearchAction","target":{"@type":"EntryPoint","urlTemplate":"https:\/\/www.ankarametal.com.tr\/?s={search_term_string}"},"query-input":"required name=search_term_string"}],"inLanguage":"en-US"}]}},"_links":{"self":[{"href":"https:\/\/www.ankarametal.com.tr\/en\/wp-json\/wp\/v2\/pages\/3268","targetHints":{"allow":["GET"]}}],"collection":[{"href":"https:\/\/www.ankarametal.com.tr\/en\/wp-json\/wp\/v2\/pages"}],"about":[{"href":"https:\/\/www.ankarametal.com.tr\/en\/wp-json\/wp\/v2\/types\/page"}],"author":[{"embeddable":true,"href":"https:\/\/www.ankarametal.com.tr\/en\/wp-json\/wp\/v2\/users\/1"}],"replies":[{"embeddable":true,"href":"https:\/\/www.ankarametal.com.tr\/en\/wp-json\/wp\/v2\/comments?post=3268"}],"version-history":[{"count":1,"href":"https:\/\/www.ankarametal.com.tr\/en\/wp-json\/wp\/v2\/pages\/3268\/revisions"}],"predecessor-version":[{"id":5898,"href":"https:\/\/www.ankarametal.com.tr\/en\/wp-json\/wp\/v2\/pages\/3268\/revisions\/5898"}],"up":[{"embeddable":true,"href":"https:\/\/www.ankarametal.com.tr\/en\/wp-json\/wp\/v2\/pages\/4602"}],"wp:attachment":[{"href":"https:\/\/www.ankarametal.com.tr\/en\/wp-json\/wp\/v2\/media?parent=3268"}],"curies":[{"name":"wp","href":"https:\/\/api.w.org\/{rel}","templated":true}]}}