{"id":3245,"date":"2015-07-01T14:00:15","date_gmt":"2015-07-01T11:00:15","guid":{"rendered":"http:\/\/ankarametal.com.tr\/tr\/?page_id=3245"},"modified":"2020-11-02T11:03:10","modified_gmt":"2020-11-02T08:03:10","slug":"home","status":"publish","type":"page","link":"https:\/\/www.ankarametal.com.tr\/en\/","title":{"rendered":"Home"},"content":{"rendered":"<h3>\n\t\tWide Product Range\n\t<\/h3>\n\t<p>With our a total of <strong>4000m\u00b2<\/strong> space, we serve our valualbe customers with a wide product range of half precious metals like <strong>stainless steel<\/strong> and <strong>aluminium<\/strong>.<\/p>\n<h3>\n\t\tCustomer Satisfaction\n\t<\/h3>\n\t<p>We are proud of serving our customers with our understanding of always <strong>prioritizing customer satisfaction<\/strong>\u00a0over anything else.<\/p>\n<h3>\n\t\tProper Pricing\n\t<\/h3>\n\t<p>We do serve <strong>optimal solutions<\/strong> with <strong>most convenient pricing<\/strong> to our customers.<\/p>\n<h3>\n\t\t30 years on the market\n\t<\/h3>\n\t<p>Being founded back in <strong>1988<\/strong>, we are serving our valuable customers with over <strong>30 years of expertise<\/strong> on the market. We do serve our wide range of products with affordable prices and a fast delivery service.<\/p>\n<h3>\n\t\t&#8220;Metals Market&#8221; service\n\t<\/h3>\n\t<p>By keeping a stock of stainless steel, aluminium and other half-precious metals all together, we do server a <strong>metals market<\/strong> service.<\/p>\n\t\t\t\t<a href=\"\/wp-content\/uploads\/2019\/09\/ankara-aluminyum-ve-metal-catalog.pdf\" target=\"_blank\" rel=\"noopener noreferrer\" itemprop=\"url\">\n\t\t\t\t<img loading=\"lazy\" decoding=\"async\" src=\"https:\/\/www.ankarametal.com.tr\/wp-content\/uploads\/2019\/09\/ankara-aluminyum-ve-metal-catalog-211x300.jpg\" alt=\"Ankara Al\u00fcminyum Metal Catalog\" itemprop=\"image\" height=\"300\" width=\"211\" title=\"Ankara Al\u00fcminyum Metal Catalog\" onerror=\"this.style.display='none'\"  \/>\n\t\t\t\t<\/a>\n\t\tOur product cataog\n\t\t\t\t<img decoding=\"async\" src=\"https:\/\/www.ankarametal.com.tr\/wp-content\/plugins\/bb-plugin\/img\/pixel.png\" alt=\"\" itemprop=\"image\" onerror=\"this.style.display='none'\"  \/>\n\t<p><strong>Stainless Steel<\/strong><\/p>\n<p>With it&#8217;s high corrosion resistance, self-protecting, self-repairing lasting value aspects, stainless steels are most widely used steel kind of our day and used by most industries.<\/p>\n\t\t\t<a href=\"\/urunler\/paslanmaz-celik\/\" target=\"_self\" role=\"button\" rel=\"noopener noreferrer\">\n\t\t\t\t\t\t\tWhy Stainless Steel?\n\t\t\t<\/a>\n\t\t\t<a href=\"\/urunler\/paslanmaz-celik\/yassi\/\" target=\"_self\" role=\"button\" rel=\"noopener noreferrer\">\n\t\t\t\t\t\t\tFlat\n\t\t\t<\/a>\n\t\t\t<a href=\"\/urunler\/paslanmaz-celik\/uzun\/\" target=\"_self\" role=\"button\" rel=\"noopener noreferrer\">\n\t\t\t\t\t\t\tLong\n\t\t\t<\/a>\n\t\t\t<a href=\"\/urunler\/paslanmaz-celik\/diger\/\" target=\"_self\" role=\"button\" rel=\"noopener noreferrer\">\n\t\t\t\t\t\t\tOthers\n\t\t\t<\/a>\n\t<p><strong>Aluminium<\/strong><\/p>\n<p>With it&#8217;s aspects like light-weightiness, resilience, easy processability and affordable prices, it does find a wide use for itself in many industries.<\/p>\n\t\t\t<a href=\"\/urunler\/aluminyum\/\" target=\"_self\" role=\"button\" rel=\"noopener noreferrer\">\n\t\t\t\t\t\t\tWhy Aluminium?\n\t\t\t<\/a>\n\t\t\t<a href=\"\/urunler\/aluminyum\/yassi\/\" target=\"_self\" role=\"button\" rel=\"noopener noreferrer\">\n\t\t\t\t\t\t\tFlat\n\t\t\t<\/a>\n\t\t\t<a href=\"\/urunler\/aluminyum\/ozel\/\" target=\"_self\" role=\"button\" rel=\"noopener noreferrer\">\n\t\t\t\t\t\t\tCustom\n\t\t\t<\/a>\n\t\t\t<a href=\"\/urunler\/aluminyum\/boyali\/\" target=\"_self\" role=\"button\" rel=\"noopener noreferrer\">\n\t\t\t\t\t\t\tColored\n\t\t\t<\/a>\n\tAll around the world<br \/>\nWith our wide range of supply and delivery chains, we do trade over 3 continents and more then 17 countries.\n\tOur references<br \/>\nHere is some of our major references:\n                        \t<img decoding=\"async\" src=\"https:\/\/www.ankarametal.com.tr\/wp-content\/uploads\/2013\/10\/tai.jpg\" alt=\"https:\/\/www.ankarametal.com.tr\/wp-content\/uploads\/2013\/10\/tai.jpg\" data-no-lazy=\"1\" \/>\n                        \t<img decoding=\"async\" src=\"https:\/\/www.ankarametal.com.tr\/wp-content\/uploads\/2013\/10\/aselsan.jpg\" alt=\"https:\/\/www.ankarametal.com.tr\/wp-content\/uploads\/2013\/10\/aselsan.jpg\" data-no-lazy=\"1\" \/>\n                        \t<img decoding=\"async\" src=\"https:\/\/www.ankarametal.com.tr\/wp-content\/uploads\/2013\/10\/roketsan.jpg\" alt=\"https:\/\/www.ankarametal.com.tr\/wp-content\/uploads\/2013\/10\/roketsan.jpg\" data-no-lazy=\"1\" \/>\n                        \t<img decoding=\"async\" src=\"https:\/\/www.ankarametal.com.tr\/wp-content\/uploads\/2013\/10\/seker.jpg\" alt=\"https:\/\/www.ankarametal.com.tr\/wp-content\/uploads\/2013\/10\/seker.jpg\" data-no-lazy=\"1\" \/>\n                        \t<img decoding=\"async\" src=\"https:\/\/www.ankarametal.com.tr\/wp-content\/uploads\/2013\/10\/turk_traktor.jpg\" alt=\"https:\/\/www.ankarametal.com.tr\/wp-content\/uploads\/2013\/10\/turk_traktor.jpg\" data-no-lazy=\"1\" \/>\n                        \t<img decoding=\"async\" src=\"https:\/\/www.ankarametal.com.tr\/wp-content\/uploads\/2013\/10\/fnss.jpg\" alt=\"https:\/\/www.ankarametal.com.tr\/wp-content\/uploads\/2013\/10\/fnss.jpg\" data-no-lazy=\"1\" \/>\n                        \t<img decoding=\"async\" src=\"https:\/\/www.ankarametal.com.tr\/wp-content\/uploads\/2013\/10\/sisecam.jpg\" alt=\"https:\/\/www.ankarametal.com.tr\/wp-content\/uploads\/2013\/10\/sisecam.jpg\" data-no-lazy=\"1\" \/>\n                        \t<img decoding=\"async\" src=\"https:\/\/www.ankarametal.com.tr\/wp-content\/uploads\/2013\/10\/henkel.jpg\" alt=\"https:\/\/www.ankarametal.com.tr\/wp-content\/uploads\/2013\/10\/henkel.jpg\" data-no-lazy=\"1\" \/>\n                        \t<img decoding=\"async\" src=\"https:\/\/www.ankarametal.com.tr\/wp-content\/uploads\/2015\/08\/caykur.jpg\" alt=\"https:\/\/www.ankarametal.com.tr\/wp-content\/uploads\/2015\/08\/caykur.jpg\" data-no-lazy=\"1\" \/>\n                        \t<img decoding=\"async\" src=\"https:\/\/www.ankarametal.com.tr\/wp-content\/uploads\/2015\/08\/euas.png\" alt=\"https:\/\/www.ankarametal.com.tr\/wp-content\/uploads\/2015\/08\/euas.png\" data-no-lazy=\"1\" \/>\n                        \t<img decoding=\"async\" src=\"https:\/\/www.ankarametal.com.tr\/wp-content\/uploads\/2015\/08\/nurol.jpg\" alt=\"https:\/\/www.ankarametal.com.tr\/wp-content\/uploads\/2015\/08\/nurol.jpg\" data-no-lazy=\"1\" \/>\n                        \t<img decoding=\"async\" src=\"https:\/\/www.ankarametal.com.tr\/wp-content\/uploads\/2015\/08\/etigida.jpg\" alt=\"https:\/\/www.ankarametal.com.tr\/wp-content\/uploads\/2015\/08\/etigida.jpg\" data-no-lazy=\"1\" \/>\n                        \t<img decoding=\"async\" src=\"https:\/\/www.ankarametal.com.tr\/wp-content\/uploads\/2015\/08\/etimaden.jpg\" alt=\"https:\/\/www.ankarametal.com.tr\/wp-content\/uploads\/2015\/08\/etimaden.jpg\" data-no-lazy=\"1\" \/>\n                        \t<img decoding=\"async\" src=\"https:\/\/www.ankarametal.com.tr\/wp-content\/uploads\/2015\/08\/Termikel.jpg\" alt=\"https:\/\/www.ankarametal.com.tr\/wp-content\/uploads\/2015\/08\/Termikel.jpg\" data-no-lazy=\"1\" \/>\n                        \t<img decoding=\"async\" src=\"https:\/\/www.ankarametal.com.tr\/wp-content\/uploads\/2015\/08\/ciner.jpg\" alt=\"https:\/\/www.ankarametal.com.tr\/wp-content\/uploads\/2015\/08\/ciner.jpg\" data-no-lazy=\"1\" \/>\n                        \t<img decoding=\"async\" src=\"https:\/\/www.ankarametal.com.tr\/wp-content\/uploads\/2015\/08\/anadoluefes.jpg\" alt=\"https:\/\/www.ankarametal.com.tr\/wp-content\/uploads\/2015\/08\/anadoluefes.jpg\" data-no-lazy=\"1\" \/>\n\t<iframe src=\"https:\/\/www.google.com\/maps\/embed\/v1\/place?q=Abd%C3%BClkadir+Geylani+Cad+No+8&#038;key=AIzaSyD09zQ9PNDNNy9TadMuzRV_UsPUoWKntt8\" aria-hidden=\"true\" title=\"Ankara Al\u00fcminyum ve Metal\"><\/iframe>\n","protected":false},"excerpt":{"rendered":"<p>Wide Product Range With our a total of 4000m\u00b2 space, we serve our valualbe customers with a wide product range of half precious metals like&hellip;<\/p>\n<p><a href=\"https:\/\/www.ankarametal.com.tr\/en\/\" class=\"more-link post-excerpt-readmore\">Read more<\/a><\/p>\n","protected":false},"author":1,"featured_media":0,"parent":0,"menu_order":0,"comment_status":"open","ping_status":"open","template":"template-100width.php","meta":{"footnotes":""},"class_list":["post-3245","page","type-page","status-publish","hentry"],"yoast_head":"<!-- This site is optimized with the Yoast SEO plugin v21.5 - https:\/\/yoast.com\/wordpress\/plugins\/seo\/ -->\n<title>Home - Ankara Al\u00fcminyum ve Metal San. Tic. Ltd. \u015eti.<\/title>\n<meta name=\"robots\" content=\"index, follow, max-snippet:-1, max-image-preview:large, max-video-preview:-1\" \/>\n<link rel=\"canonical\" href=\"https:\/\/www.ankarametal.com.tr\/en\/\" \/>\n<meta property=\"og:locale\" content=\"en_US\" \/>\n<meta property=\"og:type\" content=\"article\" \/>\n<meta property=\"og:title\" content=\"Home - Ankara Al\u00fcminyum ve Metal San. Tic. Ltd. \u015eti.\" \/>\n<meta property=\"og:description\" content=\"Wide Product Range With our a total of 4000m\u00b2 space, we serve our valualbe customers with a wide product range of half precious metals like&hellip;Read more\" \/>\n<meta property=\"og:url\" content=\"https:\/\/www.ankarametal.com.tr\/en\/\" \/>\n<meta property=\"og:site_name\" content=\"Ankara Al\u00fcminyum ve Metal San. Tic. Ltd. \u015eti.\" \/>\n<meta property=\"article:publisher\" content=\"https:\/\/www.facebook.com\/AnkaraAluminyumMetal\" \/>\n<meta property=\"article:modified_time\" content=\"2020-11-02T08:03:10+00:00\" \/>\n<meta property=\"og:image\" content=\"https:\/\/www.ankarametal.com.tr\/wp-content\/uploads\/2019\/09\/ankara-aluminyum-ve-metal-catalog-211x300.jpg\" \/>\n<meta name=\"twitter:label1\" content=\"Est. reading time\" \/>\n\t<meta name=\"twitter:data1\" content=\"1 minute\" \/>\n<script type=\"application\/ld+json\" class=\"yoast-schema-graph\">{\"@context\":\"https:\/\/schema.org\",\"@graph\":[{\"@type\":\"WebPage\",\"@id\":\"https:\/\/www.ankarametal.com.tr\/en\/\",\"url\":\"https:\/\/www.ankarametal.com.tr\/en\/\",\"name\":\"Home - Ankara Al\u00fcminyum ve Metal San. Tic. Ltd. \u015eti.\",\"isPartOf\":{\"@id\":\"https:\/\/www.ankarametal.com.tr\/#website\"},\"datePublished\":\"2015-07-01T11:00:15+00:00\",\"dateModified\":\"2020-11-02T08:03:10+00:00\",\"breadcrumb\":{\"@id\":\"https:\/\/www.ankarametal.com.tr\/en\/#breadcrumb\"},\"inLanguage\":\"en-US\",\"potentialAction\":[{\"@type\":\"ReadAction\",\"target\":[\"https:\/\/www.ankarametal.com.tr\/en\/\"]}]},{\"@type\":\"BreadcrumbList\",\"@id\":\"https:\/\/www.ankarametal.com.tr\/en\/#breadcrumb\",\"itemListElement\":[{\"@type\":\"ListItem\",\"position\":1,\"name\":\"Ana Sayfa\",\"item\":\"https:\/\/www.ankarametal.com.tr\/en\/\"},{\"@type\":\"ListItem\",\"position\":2,\"name\":\"Home\"}]},{\"@type\":\"WebSite\",\"@id\":\"https:\/\/www.ankarametal.com.tr\/#website\",\"url\":\"https:\/\/www.ankarametal.com.tr\/\",\"name\":\"Ankara Al\u00fcminyum ve Metal San. Tic. Ltd. \u015eti.\",\"description\":\"1988&#039;den bug\u00fcne metal sekt\u00f6r\u00fcnde faaliyet g\u00f6steren Ankara Al\u00fcminyum ve Metal San. Tic. Ltd. \u015eti. son y\u0131llarda geni\u015f \u00fcr\u00fcn yelpazesi, uygun fiyat, teknik bilgi deste\u011fi ve h\u0131zl\u0131 da\u011f\u0131t\u0131m servisi ile sekt\u00f6r\u00fcn lider kurulu\u015fu haline gelmi\u015ftir.\",\"potentialAction\":[{\"@type\":\"SearchAction\",\"target\":{\"@type\":\"EntryPoint\",\"urlTemplate\":\"https:\/\/www.ankarametal.com.tr\/?s={search_term_string}\"},\"query-input\":\"required name=search_term_string\"}],\"inLanguage\":\"en-US\"}]}<\/script>\n<!-- \/ Yoast SEO plugin. -->","yoast_head_json":{"title":"Home - Ankara Al\u00fcminyum ve Metal San. Tic. Ltd. \u015eti.","robots":{"index":"index","follow":"follow","max-snippet":"max-snippet:-1","max-image-preview":"max-image-preview:large","max-video-preview":"max-video-preview:-1"},"canonical":"https:\/\/www.ankarametal.com.tr\/en\/","og_locale":"en_US","og_type":"article","og_title":"Home - Ankara Al\u00fcminyum ve Metal San. Tic. Ltd. \u015eti.","og_description":"Wide Product Range With our a total of 4000m\u00b2 space, we serve our valualbe customers with a wide product range of half precious metals like&hellip;Read more","og_url":"https:\/\/www.ankarametal.com.tr\/en\/","og_site_name":"Ankara Al\u00fcminyum ve Metal San. Tic. Ltd. \u015eti.","article_publisher":"https:\/\/www.facebook.com\/AnkaraAluminyumMetal","article_modified_time":"2020-11-02T08:03:10+00:00","og_image":[{"url":"https:\/\/www.ankarametal.com.tr\/wp-content\/uploads\/2019\/09\/ankara-aluminyum-ve-metal-catalog-211x300.jpg"}],"twitter_misc":{"Est. reading time":"1 minute"},"schema":{"@context":"https:\/\/schema.org","@graph":[{"@type":"WebPage","@id":"https:\/\/www.ankarametal.com.tr\/en\/","url":"https:\/\/www.ankarametal.com.tr\/en\/","name":"Home - Ankara Al\u00fcminyum ve Metal San. Tic. Ltd. \u015eti.","isPartOf":{"@id":"https:\/\/www.ankarametal.com.tr\/#website"},"datePublished":"2015-07-01T11:00:15+00:00","dateModified":"2020-11-02T08:03:10+00:00","breadcrumb":{"@id":"https:\/\/www.ankarametal.com.tr\/en\/#breadcrumb"},"inLanguage":"en-US","potentialAction":[{"@type":"ReadAction","target":["https:\/\/www.ankarametal.com.tr\/en\/"]}]},{"@type":"BreadcrumbList","@id":"https:\/\/www.ankarametal.com.tr\/en\/#breadcrumb","itemListElement":[{"@type":"ListItem","position":1,"name":"Ana Sayfa","item":"https:\/\/www.ankarametal.com.tr\/en\/"},{"@type":"ListItem","position":2,"name":"Home"}]},{"@type":"WebSite","@id":"https:\/\/www.ankarametal.com.tr\/#website","url":"https:\/\/www.ankarametal.com.tr\/","name":"Ankara Al\u00fcminyum ve Metal San. Tic. Ltd. \u015eti.","description":"1988&#039;den bug\u00fcne metal sekt\u00f6r\u00fcnde faaliyet g\u00f6steren Ankara Al\u00fcminyum ve Metal San. Tic. Ltd. \u015eti. son y\u0131llarda geni\u015f \u00fcr\u00fcn yelpazesi, uygun fiyat, teknik bilgi deste\u011fi ve h\u0131zl\u0131 da\u011f\u0131t\u0131m servisi ile sekt\u00f6r\u00fcn lider kurulu\u015fu haline gelmi\u015ftir.","potentialAction":[{"@type":"SearchAction","target":{"@type":"EntryPoint","urlTemplate":"https:\/\/www.ankarametal.com.tr\/?s={search_term_string}"},"query-input":"required name=search_term_string"}],"inLanguage":"en-US"}]}},"_links":{"self":[{"href":"https:\/\/www.ankarametal.com.tr\/en\/wp-json\/wp\/v2\/pages\/3245","targetHints":{"allow":["GET"]}}],"collection":[{"href":"https:\/\/www.ankarametal.com.tr\/en\/wp-json\/wp\/v2\/pages"}],"about":[{"href":"https:\/\/www.ankarametal.com.tr\/en\/wp-json\/wp\/v2\/types\/page"}],"author":[{"embeddable":true,"href":"https:\/\/www.ankarametal.com.tr\/en\/wp-json\/wp\/v2\/users\/1"}],"replies":[{"embeddable":true,"href":"https:\/\/www.ankarametal.com.tr\/en\/wp-json\/wp\/v2\/comments?post=3245"}],"version-history":[{"count":20,"href":"https:\/\/www.ankarametal.com.tr\/en\/wp-json\/wp\/v2\/pages\/3245\/revisions"}],"predecessor-version":[{"id":5882,"href":"https:\/\/www.ankarametal.com.tr\/en\/wp-json\/wp\/v2\/pages\/3245\/revisions\/5882"}],"wp:attachment":[{"href":"https:\/\/www.ankarametal.com.tr\/en\/wp-json\/wp\/v2\/media?parent=3245"}],"curies":[{"name":"wp","href":"https:\/\/api.w.org\/{rel}","templated":true}]}}